{"id":1081,"date":"2025-12-06T15:21:50","date_gmt":"2025-12-06T15:21:50","guid":{"rendered":"https:\/\/carolaentretelas.com\/?post_type=product&#038;p=1081"},"modified":"2025-12-30T11:04:39","modified_gmt":"2025-12-30T11:04:39","slug":"patron-pavo-real","status":"publish","type":"product","link":"https:\/\/carolaentretelas.com\/en\/producto\/patron-pavo-real\/","title":{"rendered":"Patr\u00f3n Pavo Real"},"content":{"rendered":"<p>Patr\u00f3n en PDF del Bolso Pavo Real, tejido con la t\u00e9cnica Brioche a dos colores en circular. He usado Just Cotton de Lanasalpaca. Se usan ovillos del color exterior (naranja quemado, col A046) y 2 ovillos del color de fondo (marr\u00f3n col A025).<\/p>\n<p>&nbsp;<\/p>\n<p>&nbsp;<\/p>\n","protected":false},"excerpt":{"rendered":"<p>Patr\u00f3n en PDF del Bolso Pavo Real, tejido con la t\u00e9cnica Brioche a dos colores en circular.<\/p>\n","protected":false},"featured_media":1082,"comment_status":"open","ping_status":"closed","template":"","meta":{"_acf_changed":false,"iawp_total_views":4},"marca":[38],"product_brand":[],"product_cat":[146],"product_tag":[147,158,159],"class_list":{"0":"post-1081","1":"product","2":"type-product","3":"status-publish","4":"has-post-thumbnail","6":"marca-lanasalpaca","7":"product_cat-patrones","8":"product_tag-patron","9":"product_tag-pavo","10":"product_tag-real","12":"first","13":"instock","14":"downloadable","15":"taxable","16":"shipping-taxable","17":"purchasable","18":"product-type-simple"},"acf":[],"yoast_head":"<!-- This site is optimized with the Yoast SEO plugin v27.4 - https:\/\/yoast.com\/product\/yoast-seo-wordpress\/ -->\n<title>Patr\u00f3n Pavo Real - Carola Entretelas<\/title>\n<meta name=\"description\" content=\"Patr\u00f3n en PDF del Bolso Pavo Real, tejido con la t\u00e9cnica Brioche a dos colores en circular.\" \/>\n<meta name=\"robots\" content=\"index, follow, max-snippet:-1, max-image-preview:large, max-video-preview:-1\" \/>\n<link rel=\"canonical\" href=\"https:\/\/carolaentretelas.com\/en\/producto\/patron-pavo-real\/\" \/>\n<meta property=\"og:locale\" content=\"en_US\" \/>\n<meta property=\"og:type\" content=\"article\" \/>\n<meta property=\"og:title\" content=\"Patr\u00f3n Pavo Real - Carola Entretelas\" \/>\n<meta property=\"og:description\" content=\"Patr\u00f3n en PDF del Bolso Pavo Real, tejido con la t\u00e9cnica Brioche a dos colores en circular.\" \/>\n<meta property=\"og:url\" content=\"https:\/\/carolaentretelas.com\/en\/producto\/patron-pavo-real\/\" \/>\n<meta property=\"og:site_name\" content=\"Carola Entretelas\" \/>\n<meta property=\"article:modified_time\" content=\"2025-12-30T11:04:39+00:00\" \/>\n<meta property=\"og:image\" content=\"https:\/\/carolaentretelas.com\/wp-content\/uploads\/2025\/12\/IMG_8258.jpeg\" \/>\n\t<meta property=\"og:image:width\" content=\"1676\" \/>\n\t<meta property=\"og:image:height\" content=\"1973\" \/>\n\t<meta property=\"og:image:type\" content=\"image\/jpeg\" \/>\n<meta name=\"twitter:card\" content=\"summary_large_image\" \/>\n<meta name=\"twitter:label1\" content=\"Est. reading time\" \/>\n\t<meta name=\"twitter:data1\" content=\"1 minute\" \/>\n<!-- \/ Yoast SEO plugin. -->","yoast_head_json":{"title":"Patr\u00f3n Pavo Real - Carola Entretelas","description":"Patr\u00f3n en PDF del Bolso Pavo Real, tejido con la t\u00e9cnica Brioche a dos colores en circular.","robots":{"index":"index","follow":"follow","max-snippet":"max-snippet:-1","max-image-preview":"max-image-preview:large","max-video-preview":"max-video-preview:-1"},"canonical":"https:\/\/carolaentretelas.com\/en\/producto\/patron-pavo-real\/","og_locale":"en_US","og_type":"article","og_title":"Patr\u00f3n Pavo Real - Carola Entretelas","og_description":"Patr\u00f3n en PDF del Bolso Pavo Real, tejido con la t\u00e9cnica Brioche a dos colores en circular.","og_url":"https:\/\/carolaentretelas.com\/en\/producto\/patron-pavo-real\/","og_site_name":"Carola Entretelas","article_modified_time":"2025-12-30T11:04:39+00:00","og_image":[{"width":1676,"height":1973,"url":"https:\/\/carolaentretelas.com\/wp-content\/uploads\/2025\/12\/IMG_8258.jpeg","type":"image\/jpeg"}],"twitter_card":"summary_large_image","twitter_misc":{"Est. reading time":"1 minute"},"schema":{"@context":"https:\/\/schema.org","@graph":[{"@type":"WebPage","@id":"https:\/\/carolaentretelas.com\/en\/producto\/patron-pavo-real\/","url":"https:\/\/carolaentretelas.com\/en\/producto\/patron-pavo-real\/","name":"Patr\u00f3n Pavo Real - Carola Entretelas","isPartOf":{"@id":"https:\/\/carolaentretelas.com\/en\/#website"},"primaryImageOfPage":{"@id":"https:\/\/carolaentretelas.com\/en\/producto\/patron-pavo-real\/#primaryimage"},"image":{"@id":"https:\/\/carolaentretelas.com\/en\/producto\/patron-pavo-real\/#primaryimage"},"thumbnailUrl":"https:\/\/carolaentretelas.com\/wp-content\/uploads\/2025\/12\/IMG_8258.jpeg","datePublished":"2025-12-06T15:21:50+00:00","dateModified":"2025-12-30T11:04:39+00:00","description":"Patr\u00f3n en PDF del Bolso Pavo Real, tejido con la t\u00e9cnica Brioche a dos colores en circular.","breadcrumb":{"@id":"https:\/\/carolaentretelas.com\/en\/producto\/patron-pavo-real\/#breadcrumb"},"inLanguage":"en-US","potentialAction":[{"@type":"ReadAction","target":["https:\/\/carolaentretelas.com\/en\/producto\/patron-pavo-real\/"]}]},{"@type":"ImageObject","inLanguage":"en-US","@id":"https:\/\/carolaentretelas.com\/en\/producto\/patron-pavo-real\/#primaryimage","url":"https:\/\/carolaentretelas.com\/wp-content\/uploads\/2025\/12\/IMG_8258.jpeg","contentUrl":"https:\/\/carolaentretelas.com\/wp-content\/uploads\/2025\/12\/IMG_8258.jpeg","width":1676,"height":1973},{"@type":"BreadcrumbList","@id":"https:\/\/carolaentretelas.com\/en\/producto\/patron-pavo-real\/#breadcrumb","itemListElement":[{"@type":"ListItem","position":1,"name":"Portada","item":"https:\/\/carolaentretelas.com\/en\/"},{"@type":"ListItem","position":2,"name":"Tienda","item":"https:\/\/carolaentretelas.com\/tienda\/"},{"@type":"ListItem","position":3,"name":"Patr\u00f3n Pavo Real"}]},{"@type":"WebSite","@id":"https:\/\/carolaentretelas.com\/en\/#website","url":"https:\/\/carolaentretelas.com\/en\/","name":"Carola Entretelas","description":"","publisher":{"@id":"https:\/\/carolaentretelas.com\/en\/#organization"},"potentialAction":[{"@type":"SearchAction","target":{"@type":"EntryPoint","urlTemplate":"https:\/\/carolaentretelas.com\/en\/?s={search_term_string}"},"query-input":{"@type":"PropertyValueSpecification","valueRequired":true,"valueName":"search_term_string"}}],"inLanguage":"en-US"},{"@type":"Organization","@id":"https:\/\/carolaentretelas.com\/en\/#organization","name":"Carola Entretelas","url":"https:\/\/carolaentretelas.com\/en\/","logo":{"@type":"ImageObject","inLanguage":"en-US","@id":"https:\/\/carolaentretelas.com\/en\/#\/schema\/logo\/image\/","url":"https:\/\/carolaentretelas.com\/wp-content\/uploads\/2024\/07\/668d7b9b72e3e_IMG_5774.png","contentUrl":"https:\/\/carolaentretelas.com\/wp-content\/uploads\/2024\/07\/668d7b9b72e3e_IMG_5774.png","width":887,"height":591,"caption":"Carola Entretelas"},"image":{"@id":"https:\/\/carolaentretelas.com\/en\/#\/schema\/logo\/image\/"}}]}},"_links":{"self":[{"href":"https:\/\/carolaentretelas.com\/en\/wp-json\/wp\/v2\/product\/1081","targetHints":{"allow":["GET"]}}],"collection":[{"href":"https:\/\/carolaentretelas.com\/en\/wp-json\/wp\/v2\/product"}],"about":[{"href":"https:\/\/carolaentretelas.com\/en\/wp-json\/wp\/v2\/types\/product"}],"replies":[{"embeddable":true,"href":"https:\/\/carolaentretelas.com\/en\/wp-json\/wp\/v2\/comments?post=1081"}],"wp:featuredmedia":[{"embeddable":true,"href":"https:\/\/carolaentretelas.com\/en\/wp-json\/wp\/v2\/media\/1082"}],"wp:attachment":[{"href":"https:\/\/carolaentretelas.com\/en\/wp-json\/wp\/v2\/media?parent=1081"}],"wp:term":[{"taxonomy":"marca","embeddable":true,"href":"https:\/\/carolaentretelas.com\/en\/wp-json\/wp\/v2\/marca?post=1081"},{"taxonomy":"product_brand","embeddable":true,"href":"https:\/\/carolaentretelas.com\/en\/wp-json\/wp\/v2\/product_brand?post=1081"},{"taxonomy":"product_cat","embeddable":true,"href":"https:\/\/carolaentretelas.com\/en\/wp-json\/wp\/v2\/product_cat?post=1081"},{"taxonomy":"product_tag","embeddable":true,"href":"https:\/\/carolaentretelas.com\/en\/wp-json\/wp\/v2\/product_tag?post=1081"}],"curies":[{"name":"wp","href":"https:\/\/api.w.org\/{rel}","templated":true}]}}